{"id":3544,"date":"2024-02-08T23:51:38","date_gmt":"2024-02-08T22:51:38","guid":{"rendered":"https:\/\/luisafuchs-photography.de\/?page_id=3544"},"modified":"2024-02-08T23:56:48","modified_gmt":"2024-02-08T22:56:48","slug":"impressum","status":"publish","type":"page","link":"https:\/\/luisafuchs-photography.de\/?page_id=3544","title":{"rendered":"Impressum"},"content":{"rendered":"<div class=\"aux-wrapper\">\n<div class=\"aux-container aux-fold\">\n<div id=\"primary\" class=\"aux-primary\">\n<div class=\"content\" role=\"main\">\n<article id=\"post-194\" class=\"post-194 page type-page status-publish hentry\">\n<div class=\"entry-main\">\n<div class=\"entry-content\">\n<div class=\"elementor elementor-194 elementor-bc-flex-widget\" data-elementor-type=\"wp-post\" data-elementor-id=\"194\" data-elementor-settings=\"[]\">\n<div class=\"elementor-inner\">\n<div class=\"elementor-section-wrap\">\n<section class=\"elementor-element elementor-element-a745801 elementor-section-boxed elementor-section-height-default elementor-section-height-default elementor-section elementor-top-section\" data-id=\"a745801\" data-element_type=\"section\">\n<div class=\"elementor-container elementor-column-gap-default\">\n<div class=\"elementor-row\">\n<div class=\"aux-parallax-section elementor-element elementor-element-fd3d81a elementor-column elementor-col-100 elementor-top-column\" data-id=\"fd3d81a\" data-element_type=\"column\">\n<div class=\"elementor-column-wrap elementor-element-populated\">\n<div class=\"elementor-widget-wrap\">\n<div class=\"elementor-element elementor-element-459515a elementor-widget elementor-widget-text-editor\" data-id=\"459515a\" data-element_type=\"widget\" data-widget_type=\"text-editor.default\">\n<div class=\"elementor-widget-container\">\n<div class=\"elementor-text-editor elementor-clearfix\">\n<p>Luisa Fuchs &#8211; Photography<br \/>\nInh. Luisa Fuchs<br \/>\nHunsr\u00fcckstr. 73 a<br \/>\n55595 Hargesheim<\/p>\n<p>Telefon: 0671 1234567<\/p>\n<p>E-Mail: info@luisafuchs-photography.de<\/p>\n<p>Inhaltlich Verantwortlicher gem. \u00a7 55 II RStV: Luisa Fuchs (Anschrift s.o.)<\/p>\n<h5>Bildquellen:<\/h5>\n<p>Eigene Produktion &#8211; Luisa Fuchs<\/p>\n<h5>Rechtliche Hinweise:<\/h5>\n<p>F\u00fcr die Richtigkeit, Vollst\u00e4ndigkeit und Aktualit\u00e4t der Internetseiten und die darin enthaltenen Angaben und Informationen k\u00f6nnen weder der Betreiber dieser Homepage, Luisa Fuchs &#8211; Photography, noch Lieferanten die Haftung \u00fcbernehmen.<\/p>\n<p>Alle Informationen dienen ausschlie\u00dflich zur Information der Besucher des Onlineangebotes. Im \u00dcbrigen ist die Haftung auf Vorsatz und grobe Fahrl\u00e4ssigkeit beschr\u00e4nkt. F\u00fcr Internetseiten Dritter, auf die durch Hyperlink verwiesen wird, tragen die jeweiligen Anbieter die Verantwortung. Der Betreiber dieser Homepage ist f\u00fcr den Inhalt solcher Seiten Dritter nicht verantwortlich.<\/p>\n<p>Des Weiteren kann die Web-Seite ohne Wissen des Betreibers von einer anderen Seite mittels Hyperlink angelinkt worden sein. Der Betreiber dieser Homepage \u00fcbernimmt keine Verantwortung f\u00fcr Darstellung, Inhalt oder irgendeine Verbindung in Web-Seiten Dritter.<\/p>\n<p>Au\u00dferdem beh\u00e4lt sich der Betreiber dieser Homepage das Recht vor, \u00c4nderungen oder Erg\u00e4nzungen der bereitgestellten Informationen vorzunehmen. Inhalt und Struktur der Web-Seiten sind urheberrechtlich gesch\u00fctzt. Die Vervielf\u00e4ltigung von Inhalten oder Daten, insbesondere die Verwendung von Texten, Textteilen oder Bildmaterial, bedarf der vorherigen schriftlichen Zustimmung.<\/p>\n<\/div>\n<\/div>\n<\/div>\n<\/div>\n<\/div>\n<\/div>\n<\/div>\n<\/div>\n<\/section>\n<\/div>\n<\/div>\n<\/div>\n<\/div>\n<\/div>\n<\/article>\n<\/div>\n<\/div>\n<\/div>\n<\/div>\n<aside class=\"subfooter aux-subfooter aux-dark\">\n<div class=\"aux-wrapper\">\n<div class=\"aux-container aux-fold\">\n<div class=\"aux-row\">\n<div class=\"aux-widget-area aux-1-4 aux-tb-3 aux-mb-1\"><\/div>\n<div class=\"aux-widget-area aux-1-4 aux-tb-3 aux-mb-1\">\n<section id=\"text-5\" class=\"widget-container widget_text _ph_\">\n<div class=\"textwidget\"><\/div>\n<\/section>\n<\/div>\n<\/div>\n<\/div>\n<\/div>\n<\/aside>\n","protected":false},"excerpt":{"rendered":"<p>Luisa Fuchs &#8211; Photography Inh. Luisa Fuchs Hunsr\u00fcckstr. 73 a 55595 Hargesheim Telefon: 0671 1234567 E-Mail: info@luisafuchs-photography.de Inhaltlich Verantwortlicher gem. \u00a7 55 II RStV: Luisa Fuchs (Anschrift s.o.) Bildquellen: Eigene Produktion &#8211; Luisa Fuchs Rechtliche Hinweise: F\u00fcr die Richtigkeit, Vollst\u00e4ndigkeit und Aktualit\u00e4t der Internetseiten und die darin enthaltenen Angaben und Informationen k\u00f6nnen weder der Betreiber [&hellip;]<\/p>\n","protected":false},"author":1,"featured_media":0,"parent":0,"menu_order":0,"comment_status":"closed","ping_status":"closed","template":"template-landing.php","meta":{"_acf_changed":false,"footnotes":""},"class_list":["post-3544","page","type-page","status-publish","hentry"],"acf":[],"yoast_head":"<!-- This site is optimized with the Yoast SEO plugin v25.5 - https:\/\/yoast.com\/wordpress\/plugins\/seo\/ -->\n<title>Impressum - LF Photography<\/title>\n<meta name=\"robots\" content=\"index, follow, max-snippet:-1, max-image-preview:large, max-video-preview:-1\" \/>\n<link rel=\"canonical\" href=\"https:\/\/luisafuchs-photography.de\/?page_id=3544\" \/>\n<meta property=\"og:locale\" content=\"de_DE\" \/>\n<meta property=\"og:type\" content=\"article\" \/>\n<meta property=\"og:title\" content=\"Impressum - LF Photography\" \/>\n<meta property=\"og:description\" content=\"Luisa Fuchs &#8211; Photography Inh. Luisa Fuchs Hunsr\u00fcckstr. 73 a 55595 Hargesheim Telefon: 0671 1234567 E-Mail: info@luisafuchs-photography.de Inhaltlich Verantwortlicher gem. \u00a7 55 II RStV: Luisa Fuchs (Anschrift s.o.) Bildquellen: Eigene Produktion &#8211; Luisa Fuchs Rechtliche Hinweise: F\u00fcr die Richtigkeit, Vollst\u00e4ndigkeit und Aktualit\u00e4t der Internetseiten und die darin enthaltenen Angaben und Informationen k\u00f6nnen weder der Betreiber [&hellip;]\" \/>\n<meta property=\"og:url\" content=\"https:\/\/luisafuchs-photography.de\/?page_id=3544\" \/>\n<meta property=\"og:site_name\" content=\"LF Photography\" \/>\n<meta property=\"article:modified_time\" content=\"2024-02-08T22:56:48+00:00\" \/>\n<meta name=\"twitter:card\" content=\"summary_large_image\" \/>\n<meta name=\"twitter:label1\" content=\"Gesch\u00e4tzte Lesezeit\" \/>\n\t<meta name=\"twitter:data1\" content=\"1\u00a0Minute\" \/>\n<script type=\"application\/ld+json\" class=\"yoast-schema-graph\">{\"@context\":\"https:\/\/schema.org\",\"@graph\":[{\"@type\":\"WebPage\",\"@id\":\"https:\/\/luisafuchs-photography.de\/?page_id=3544\",\"url\":\"https:\/\/luisafuchs-photography.de\/?page_id=3544\",\"name\":\"Impressum - LF Photography\",\"isPartOf\":{\"@id\":\"https:\/\/luisafuchs-photography.de\/#website\"},\"datePublished\":\"2024-02-08T22:51:38+00:00\",\"dateModified\":\"2024-02-08T22:56:48+00:00\",\"breadcrumb\":{\"@id\":\"https:\/\/luisafuchs-photography.de\/?page_id=3544#breadcrumb\"},\"inLanguage\":\"de\",\"potentialAction\":[{\"@type\":\"ReadAction\",\"target\":[\"https:\/\/luisafuchs-photography.de\/?page_id=3544\"]}]},{\"@type\":\"BreadcrumbList\",\"@id\":\"https:\/\/luisafuchs-photography.de\/?page_id=3544#breadcrumb\",\"itemListElement\":[{\"@type\":\"ListItem\",\"position\":1,\"name\":\"Startseite\",\"item\":\"https:\/\/luisafuchs-photography.de\/\"},{\"@type\":\"ListItem\",\"position\":2,\"name\":\"Impressum\"}]},{\"@type\":\"WebSite\",\"@id\":\"https:\/\/luisafuchs-photography.de\/#website\",\"url\":\"https:\/\/luisafuchs-photography.de\/\",\"name\":\"LF Photography\",\"description\":\"\",\"publisher\":{\"@id\":\"https:\/\/luisafuchs-photography.de\/#organization\"},\"potentialAction\":[{\"@type\":\"SearchAction\",\"target\":{\"@type\":\"EntryPoint\",\"urlTemplate\":\"https:\/\/luisafuchs-photography.de\/?s={search_term_string}\"},\"query-input\":{\"@type\":\"PropertyValueSpecification\",\"valueRequired\":true,\"valueName\":\"search_term_string\"}}],\"inLanguage\":\"de\"},{\"@type\":\"Organization\",\"@id\":\"https:\/\/luisafuchs-photography.de\/#organization\",\"name\":\"LF Photography\",\"url\":\"https:\/\/luisafuchs-photography.de\/\",\"logo\":{\"@type\":\"ImageObject\",\"inLanguage\":\"de\",\"@id\":\"https:\/\/luisafuchs-photography.de\/#\/schema\/logo\/image\/\",\"url\":\"https:\/\/luisafuchs-photography.de\/wp-content\/uploads\/2024\/07\/Black-and-White-Photographer-Logo-Design-333.png\",\"contentUrl\":\"https:\/\/luisafuchs-photography.de\/wp-content\/uploads\/2024\/07\/Black-and-White-Photographer-Logo-Design-333.png\",\"width\":261,\"height\":109,\"caption\":\"LF Photography\"},\"image\":{\"@id\":\"https:\/\/luisafuchs-photography.de\/#\/schema\/logo\/image\/\"},\"sameAs\":[\"https:\/\/www.instagram.com\/lfuchs.photography\/\"]}]}<\/script>\n<!-- \/ Yoast SEO plugin. -->","yoast_head_json":{"title":"Impressum - LF Photography","robots":{"index":"index","follow":"follow","max-snippet":"max-snippet:-1","max-image-preview":"max-image-preview:large","max-video-preview":"max-video-preview:-1"},"canonical":"https:\/\/luisafuchs-photography.de\/?page_id=3544","og_locale":"de_DE","og_type":"article","og_title":"Impressum - LF Photography","og_description":"Luisa Fuchs &#8211; Photography Inh. Luisa Fuchs Hunsr\u00fcckstr. 73 a 55595 Hargesheim Telefon: 0671 1234567 E-Mail: info@luisafuchs-photography.de Inhaltlich Verantwortlicher gem. \u00a7 55 II RStV: Luisa Fuchs (Anschrift s.o.) Bildquellen: Eigene Produktion &#8211; Luisa Fuchs Rechtliche Hinweise: F\u00fcr die Richtigkeit, Vollst\u00e4ndigkeit und Aktualit\u00e4t der Internetseiten und die darin enthaltenen Angaben und Informationen k\u00f6nnen weder der Betreiber [&hellip;]","og_url":"https:\/\/luisafuchs-photography.de\/?page_id=3544","og_site_name":"LF Photography","article_modified_time":"2024-02-08T22:56:48+00:00","twitter_card":"summary_large_image","twitter_misc":{"Gesch\u00e4tzte Lesezeit":"1\u00a0Minute"},"schema":{"@context":"https:\/\/schema.org","@graph":[{"@type":"WebPage","@id":"https:\/\/luisafuchs-photography.de\/?page_id=3544","url":"https:\/\/luisafuchs-photography.de\/?page_id=3544","name":"Impressum - LF Photography","isPartOf":{"@id":"https:\/\/luisafuchs-photography.de\/#website"},"datePublished":"2024-02-08T22:51:38+00:00","dateModified":"2024-02-08T22:56:48+00:00","breadcrumb":{"@id":"https:\/\/luisafuchs-photography.de\/?page_id=3544#breadcrumb"},"inLanguage":"de","potentialAction":[{"@type":"ReadAction","target":["https:\/\/luisafuchs-photography.de\/?page_id=3544"]}]},{"@type":"BreadcrumbList","@id":"https:\/\/luisafuchs-photography.de\/?page_id=3544#breadcrumb","itemListElement":[{"@type":"ListItem","position":1,"name":"Startseite","item":"https:\/\/luisafuchs-photography.de\/"},{"@type":"ListItem","position":2,"name":"Impressum"}]},{"@type":"WebSite","@id":"https:\/\/luisafuchs-photography.de\/#website","url":"https:\/\/luisafuchs-photography.de\/","name":"LF Photography","description":"","publisher":{"@id":"https:\/\/luisafuchs-photography.de\/#organization"},"potentialAction":[{"@type":"SearchAction","target":{"@type":"EntryPoint","urlTemplate":"https:\/\/luisafuchs-photography.de\/?s={search_term_string}"},"query-input":{"@type":"PropertyValueSpecification","valueRequired":true,"valueName":"search_term_string"}}],"inLanguage":"de"},{"@type":"Organization","@id":"https:\/\/luisafuchs-photography.de\/#organization","name":"LF Photography","url":"https:\/\/luisafuchs-photography.de\/","logo":{"@type":"ImageObject","inLanguage":"de","@id":"https:\/\/luisafuchs-photography.de\/#\/schema\/logo\/image\/","url":"https:\/\/luisafuchs-photography.de\/wp-content\/uploads\/2024\/07\/Black-and-White-Photographer-Logo-Design-333.png","contentUrl":"https:\/\/luisafuchs-photography.de\/wp-content\/uploads\/2024\/07\/Black-and-White-Photographer-Logo-Design-333.png","width":261,"height":109,"caption":"LF Photography"},"image":{"@id":"https:\/\/luisafuchs-photography.de\/#\/schema\/logo\/image\/"},"sameAs":["https:\/\/www.instagram.com\/lfuchs.photography\/"]}]}},"_links":{"self":[{"href":"https:\/\/luisafuchs-photography.de\/index.php?rest_route=\/wp\/v2\/pages\/3544","targetHints":{"allow":["GET"]}}],"collection":[{"href":"https:\/\/luisafuchs-photography.de\/index.php?rest_route=\/wp\/v2\/pages"}],"about":[{"href":"https:\/\/luisafuchs-photography.de\/index.php?rest_route=\/wp\/v2\/types\/page"}],"author":[{"embeddable":true,"href":"https:\/\/luisafuchs-photography.de\/index.php?rest_route=\/wp\/v2\/users\/1"}],"replies":[{"embeddable":true,"href":"https:\/\/luisafuchs-photography.de\/index.php?rest_route=%2Fwp%2Fv2%2Fcomments&post=3544"}],"version-history":[{"count":5,"href":"https:\/\/luisafuchs-photography.de\/index.php?rest_route=\/wp\/v2\/pages\/3544\/revisions"}],"predecessor-version":[{"id":3552,"href":"https:\/\/luisafuchs-photography.de\/index.php?rest_route=\/wp\/v2\/pages\/3544\/revisions\/3552"}],"wp:attachment":[{"href":"https:\/\/luisafuchs-photography.de\/index.php?rest_route=%2Fwp%2Fv2%2Fmedia&parent=3544"}],"curies":[{"name":"wp","href":"https:\/\/api.w.org\/{rel}","templated":true}]}}