{"id":3362,"date":"2023-04-11T18:41:22","date_gmt":"2023-04-11T17:41:22","guid":{"rendered":"https:\/\/luisafuchs-photography.de\/?page_id=3362"},"modified":"2025-08-07T11:49:42","modified_gmt":"2025-08-07T10:49:42","slug":"about-me-white","status":"publish","type":"page","link":"https:\/\/luisafuchs-photography.de\/?page_id=3362","title":{"rendered":"\u00dcber mich"},"content":{"rendered":"<div class=\"wpb-content-wrapper\"><p>[vc_row equal_height=&#8221;yes&#8221; content_placement=&#8221;middle&#8221; css=&#8221;.vc_custom_1505137157448{padding-top: 50px !important;}&#8221;][vc_column css_animation=&#8221;fadeInLeft&#8221; width=&#8221;1\/2&#8243; css=&#8221;.vc_custom_1624542040399{border-right-width: 0px !important;padding-top: 250px !important;padding-bottom: 250px !important;background-image: url(https:\/\/promo-theme.com\/novo\/wp-content\/uploads-placeholder\/2017\/08\/about-img5.jpg?id=16) !important;}&#8221; uniqid=&#8221;60d48b4989841&#8243;]    <div class=\"side-img side-img-6437be92ae07c style-square align-left\">\n      <div style=\"background-image: url(https:\/\/luisafuchs-photography.de\/wp-content\/uploads\/2023\/04\/IMG_6636-2.jpg);\"><\/div>\n    <\/div>\n    [\/vc_column][vc_column css_animation=&#8221;fadeInRight&#8221; width=&#8221;1\/2&#8243; css=&#8221;.vc_custom_1624542108827{padding-top: 80px !important;padding-right: 60px !important;padding-bottom: 80px !important;padding-left: 60px !important;background-color: #f0f0f0 !important;}&#8221; uniqid=&#8221;60d48b5a155d5&#8243;]      <div class=\"heading-block heading-5d67b7780c108 tal h-h3 with-line vc_custom_1681243354646\">\n                  <h3 class=\"h\">Mein Name ist Luisa,<br \/>\n<span>ich bin eine Fotografin.<\/span><\/h3>\n              <\/div>\n    [vc_column_text css=&#8221;&#8221;]Herzlich willkommen auf meiner Fotografie-Seite! Mein Name ist Luisa, ich bin 30 Jahre alt und lebe mit meiner Familie in der malerischen Stadt Bad Kreuznach. Seit meiner Jugend bin ich von der Kunst der Fotografie fasziniert, und diese Leidenschaft begleitet mich bis heute.<\/p>\n<div dir=\"auto\">Meine besondere Vorliebe gilt der Fotografie von Neugeborenen und Familien. Es ist einfach unglaublich, wie jedes winzige Detail eines Neugeborenen eine Geschichte erz\u00e4hlt und die Liebe einer Familie widerspiegelt. Diese kostbaren Momente einzufangen und f\u00fcr die Ewigkeit festzuhalten, erf\u00fcllt mich mit gro\u00dfer Freude und Dankbarkeit.<\/div>\n<div dir=\"auto\"><\/div>\n<div dir=\"auto\">Jedes Shooting ist f\u00fcr mich eine einzigartige Gelegenheit, die Sch\u00f6nheit des Lebens einzufangen und die besonderen Bindungen zwischen Eltern und ihren Kindern zu dokumentieren. Mein Ziel ist es, authentische und emotionale Bilder zu schaffen, die auch Jahre sp\u00e4ter noch Herzen ber\u00fchren.<\/div>\n<div dir=\"auto\"><\/div>\n<div dir=\"auto\">Ich freue mich darauf, auch Ihre kostbaren Momente in Bildern festzuhalten und gemeinsam unvergessliche Erinnerungen zu schaffen. Kontaktieren Sie mich gerne f\u00fcr weitere Informationen oder um einen Termin zu vereinbaren.<\/div>\n<p>[\/vc_column_text][\/vc_column][\/vc_row]<\/p>\n<\/div>","protected":false},"excerpt":{"rendered":"<p>[vc_row equal_height=&#8221;yes&#8221; content_placement=&#8221;middle&#8221; css=&#8221;.vc_custom_1505137157448{padding-top: 50px !important;}&#8221;][vc_column css_animation=&#8221;fadeInLeft&#8221; width=&#8221;1\/2&#8243; css=&#8221;.vc_custom_1624542040399{border-right-width: 0px !important;padding-top: 250px !important;padding-bottom: 250px !important;background-image: url(https:\/\/promo-theme.com\/novo\/wp-content\/uploads-placeholder\/2017\/08\/about-img5.jpg?id=16) !important;}&#8221; uniqid=&#8221;60d48b4989841&#8243;][\/vc_column][vc_column css_animation=&#8221;fadeInRight&#8221; width=&#8221;1\/2&#8243; css=&#8221;.vc_custom_1624542108827{padding-top: 80px !important;padding-right: 60px !important;padding-bottom: 80px !important;padding-left: 60px !important;background-color: #f0f0f0 !important;}&#8221; uniqid=&#8221;60d48b5a155d5&#8243;][vc_column_text css=&#8221;&#8221;]Herzlich willkommen auf meiner Fotografie-Seite! Mein Name ist Luisa, ich bin 30 Jahre alt und lebe mit meiner Familie in der malerischen Stadt [&hellip;]<\/p>\n","protected":false},"author":1,"featured_media":0,"parent":0,"menu_order":0,"comment_status":"closed","ping_status":"closed","template":"template-landing.php","meta":{"_acf_changed":false,"footnotes":""},"class_list":["post-3362","page","type-page","status-publish","hentry"],"acf":[],"yoast_head":"<!-- This site is optimized with the Yoast SEO plugin v25.5 - https:\/\/yoast.com\/wordpress\/plugins\/seo\/ -->\n<title>\u00dcber mich - LF Photography<\/title>\n<meta name=\"robots\" content=\"index, follow, max-snippet:-1, max-image-preview:large, max-video-preview:-1\" \/>\n<link rel=\"canonical\" href=\"https:\/\/luisafuchs-photography.de\/?page_id=3362\" \/>\n<meta property=\"og:locale\" content=\"de_DE\" \/>\n<meta property=\"og:type\" content=\"article\" \/>\n<meta property=\"og:title\" content=\"\u00dcber mich - LF Photography\" \/>\n<meta property=\"og:description\" content=\"[vc_row equal_height=&#8221;yes&#8221; content_placement=&#8221;middle&#8221; css=&#8221;.vc_custom_1505137157448{padding-top: 50px !important;}&#8221;][vc_column css_animation=&#8221;fadeInLeft&#8221; width=&#8221;1\/2&#8243; css=&#8221;.vc_custom_1624542040399{border-right-width: 0px !important;padding-top: 250px !important;padding-bottom: 250px !important;background-image: url(https:\/\/promo-theme.com\/novo\/wp-content\/uploads-placeholder\/2017\/08\/about-img5.jpg?id=16) !important;}&#8221; uniqid=&#8221;60d48b4989841&#8243;][\/vc_column][vc_column css_animation=&#8221;fadeInRight&#8221; width=&#8221;1\/2&#8243; css=&#8221;.vc_custom_1624542108827{padding-top: 80px !important;padding-right: 60px !important;padding-bottom: 80px !important;padding-left: 60px !important;background-color: #f0f0f0 !important;}&#8221; uniqid=&#8221;60d48b5a155d5&#8243;][vc_column_text css=&#8221;&#8221;]Herzlich willkommen auf meiner Fotografie-Seite! Mein Name ist Luisa, ich bin 30 Jahre alt und lebe mit meiner Familie in der malerischen Stadt [&hellip;]\" \/>\n<meta property=\"og:url\" content=\"https:\/\/luisafuchs-photography.de\/?page_id=3362\" \/>\n<meta property=\"og:site_name\" content=\"LF Photography\" \/>\n<meta property=\"article:modified_time\" content=\"2025-08-07T10:49:42+00:00\" \/>\n<meta name=\"twitter:card\" content=\"summary_large_image\" \/>\n<meta name=\"twitter:label1\" content=\"Gesch\u00e4tzte Lesezeit\" \/>\n\t<meta name=\"twitter:data1\" content=\"1\u00a0Minute\" \/>\n<script type=\"application\/ld+json\" class=\"yoast-schema-graph\">{\"@context\":\"https:\/\/schema.org\",\"@graph\":[{\"@type\":\"WebPage\",\"@id\":\"https:\/\/luisafuchs-photography.de\/?page_id=3362\",\"url\":\"https:\/\/luisafuchs-photography.de\/?page_id=3362\",\"name\":\"\u00dcber mich - LF Photography\",\"isPartOf\":{\"@id\":\"https:\/\/luisafuchs-photography.de\/#website\"},\"datePublished\":\"2023-04-11T17:41:22+00:00\",\"dateModified\":\"2025-08-07T10:49:42+00:00\",\"breadcrumb\":{\"@id\":\"https:\/\/luisafuchs-photography.de\/?page_id=3362#breadcrumb\"},\"inLanguage\":\"de\",\"potentialAction\":[{\"@type\":\"ReadAction\",\"target\":[\"https:\/\/luisafuchs-photography.de\/?page_id=3362\"]}]},{\"@type\":\"BreadcrumbList\",\"@id\":\"https:\/\/luisafuchs-photography.de\/?page_id=3362#breadcrumb\",\"itemListElement\":[{\"@type\":\"ListItem\",\"position\":1,\"name\":\"Startseite\",\"item\":\"https:\/\/luisafuchs-photography.de\/\"},{\"@type\":\"ListItem\",\"position\":2,\"name\":\"\u00dcber mich\"}]},{\"@type\":\"WebSite\",\"@id\":\"https:\/\/luisafuchs-photography.de\/#website\",\"url\":\"https:\/\/luisafuchs-photography.de\/\",\"name\":\"LF Photography\",\"description\":\"\",\"publisher\":{\"@id\":\"https:\/\/luisafuchs-photography.de\/#organization\"},\"potentialAction\":[{\"@type\":\"SearchAction\",\"target\":{\"@type\":\"EntryPoint\",\"urlTemplate\":\"https:\/\/luisafuchs-photography.de\/?s={search_term_string}\"},\"query-input\":{\"@type\":\"PropertyValueSpecification\",\"valueRequired\":true,\"valueName\":\"search_term_string\"}}],\"inLanguage\":\"de\"},{\"@type\":\"Organization\",\"@id\":\"https:\/\/luisafuchs-photography.de\/#organization\",\"name\":\"LF Photography\",\"url\":\"https:\/\/luisafuchs-photography.de\/\",\"logo\":{\"@type\":\"ImageObject\",\"inLanguage\":\"de\",\"@id\":\"https:\/\/luisafuchs-photography.de\/#\/schema\/logo\/image\/\",\"url\":\"https:\/\/luisafuchs-photography.de\/wp-content\/uploads\/2024\/07\/Black-and-White-Photographer-Logo-Design-333.png\",\"contentUrl\":\"https:\/\/luisafuchs-photography.de\/wp-content\/uploads\/2024\/07\/Black-and-White-Photographer-Logo-Design-333.png\",\"width\":261,\"height\":109,\"caption\":\"LF Photography\"},\"image\":{\"@id\":\"https:\/\/luisafuchs-photography.de\/#\/schema\/logo\/image\/\"},\"sameAs\":[\"https:\/\/www.instagram.com\/lfuchs.photography\/\"]}]}<\/script>\n<!-- \/ Yoast SEO plugin. -->","yoast_head_json":{"title":"\u00dcber mich - LF Photography","robots":{"index":"index","follow":"follow","max-snippet":"max-snippet:-1","max-image-preview":"max-image-preview:large","max-video-preview":"max-video-preview:-1"},"canonical":"https:\/\/luisafuchs-photography.de\/?page_id=3362","og_locale":"de_DE","og_type":"article","og_title":"\u00dcber mich - LF Photography","og_description":"[vc_row equal_height=&#8221;yes&#8221; content_placement=&#8221;middle&#8221; css=&#8221;.vc_custom_1505137157448{padding-top: 50px !important;}&#8221;][vc_column css_animation=&#8221;fadeInLeft&#8221; width=&#8221;1\/2&#8243; css=&#8221;.vc_custom_1624542040399{border-right-width: 0px !important;padding-top: 250px !important;padding-bottom: 250px !important;background-image: url(https:\/\/promo-theme.com\/novo\/wp-content\/uploads-placeholder\/2017\/08\/about-img5.jpg?id=16) !important;}&#8221; uniqid=&#8221;60d48b4989841&#8243;][\/vc_column][vc_column css_animation=&#8221;fadeInRight&#8221; width=&#8221;1\/2&#8243; css=&#8221;.vc_custom_1624542108827{padding-top: 80px !important;padding-right: 60px !important;padding-bottom: 80px !important;padding-left: 60px !important;background-color: #f0f0f0 !important;}&#8221; uniqid=&#8221;60d48b5a155d5&#8243;][vc_column_text css=&#8221;&#8221;]Herzlich willkommen auf meiner Fotografie-Seite! Mein Name ist Luisa, ich bin 30 Jahre alt und lebe mit meiner Familie in der malerischen Stadt [&hellip;]","og_url":"https:\/\/luisafuchs-photography.de\/?page_id=3362","og_site_name":"LF Photography","article_modified_time":"2025-08-07T10:49:42+00:00","twitter_card":"summary_large_image","twitter_misc":{"Gesch\u00e4tzte Lesezeit":"1\u00a0Minute"},"schema":{"@context":"https:\/\/schema.org","@graph":[{"@type":"WebPage","@id":"https:\/\/luisafuchs-photography.de\/?page_id=3362","url":"https:\/\/luisafuchs-photography.de\/?page_id=3362","name":"\u00dcber mich - LF Photography","isPartOf":{"@id":"https:\/\/luisafuchs-photography.de\/#website"},"datePublished":"2023-04-11T17:41:22+00:00","dateModified":"2025-08-07T10:49:42+00:00","breadcrumb":{"@id":"https:\/\/luisafuchs-photography.de\/?page_id=3362#breadcrumb"},"inLanguage":"de","potentialAction":[{"@type":"ReadAction","target":["https:\/\/luisafuchs-photography.de\/?page_id=3362"]}]},{"@type":"BreadcrumbList","@id":"https:\/\/luisafuchs-photography.de\/?page_id=3362#breadcrumb","itemListElement":[{"@type":"ListItem","position":1,"name":"Startseite","item":"https:\/\/luisafuchs-photography.de\/"},{"@type":"ListItem","position":2,"name":"\u00dcber mich"}]},{"@type":"WebSite","@id":"https:\/\/luisafuchs-photography.de\/#website","url":"https:\/\/luisafuchs-photography.de\/","name":"LF Photography","description":"","publisher":{"@id":"https:\/\/luisafuchs-photography.de\/#organization"},"potentialAction":[{"@type":"SearchAction","target":{"@type":"EntryPoint","urlTemplate":"https:\/\/luisafuchs-photography.de\/?s={search_term_string}"},"query-input":{"@type":"PropertyValueSpecification","valueRequired":true,"valueName":"search_term_string"}}],"inLanguage":"de"},{"@type":"Organization","@id":"https:\/\/luisafuchs-photography.de\/#organization","name":"LF Photography","url":"https:\/\/luisafuchs-photography.de\/","logo":{"@type":"ImageObject","inLanguage":"de","@id":"https:\/\/luisafuchs-photography.de\/#\/schema\/logo\/image\/","url":"https:\/\/luisafuchs-photography.de\/wp-content\/uploads\/2024\/07\/Black-and-White-Photographer-Logo-Design-333.png","contentUrl":"https:\/\/luisafuchs-photography.de\/wp-content\/uploads\/2024\/07\/Black-and-White-Photographer-Logo-Design-333.png","width":261,"height":109,"caption":"LF Photography"},"image":{"@id":"https:\/\/luisafuchs-photography.de\/#\/schema\/logo\/image\/"},"sameAs":["https:\/\/www.instagram.com\/lfuchs.photography\/"]}]}},"_links":{"self":[{"href":"https:\/\/luisafuchs-photography.de\/index.php?rest_route=\/wp\/v2\/pages\/3362","targetHints":{"allow":["GET"]}}],"collection":[{"href":"https:\/\/luisafuchs-photography.de\/index.php?rest_route=\/wp\/v2\/pages"}],"about":[{"href":"https:\/\/luisafuchs-photography.de\/index.php?rest_route=\/wp\/v2\/types\/page"}],"author":[{"embeddable":true,"href":"https:\/\/luisafuchs-photography.de\/index.php?rest_route=\/wp\/v2\/users\/1"}],"replies":[{"embeddable":true,"href":"https:\/\/luisafuchs-photography.de\/index.php?rest_route=%2Fwp%2Fv2%2Fcomments&post=3362"}],"version-history":[{"count":19,"href":"https:\/\/luisafuchs-photography.de\/index.php?rest_route=\/wp\/v2\/pages\/3362\/revisions"}],"predecessor-version":[{"id":3766,"href":"https:\/\/luisafuchs-photography.de\/index.php?rest_route=\/wp\/v2\/pages\/3362\/revisions\/3766"}],"wp:attachment":[{"href":"https:\/\/luisafuchs-photography.de\/index.php?rest_route=%2Fwp%2Fv2%2Fmedia&parent=3362"}],"curies":[{"name":"wp","href":"https:\/\/api.w.org\/{rel}","templated":true}]}}