{"id":3262,"date":"2023-04-11T16:51:15","date_gmt":"2023-04-11T15:51:15","guid":{"rendered":"https:\/\/luisafuchs-photography.de\/?page_id=3262"},"modified":"2025-08-06T21:03:57","modified_gmt":"2025-08-06T20:03:57","slug":"lf-photo-startseite","status":"publish","type":"page","link":"https:\/\/luisafuchs-photography.de\/","title":{"rendered":"Startseite"},"content":{"rendered":"<div class=\"wpb-content-wrapper\"><p>[vc_row full_width=&#8221;stretch_row_content_no_spaces&#8221;][vc_column]<div class=\"banner-area banner-area-5d63ae4f0bb6e banner-color-inherit with-circle-nav\" data-settings=\"{&quot;loop&quot;:true,&quot;speed&quot;:500,&quot;autoplay&quot;:{&quot;delay&quot;:5000,&quot;disableOnInteraction&quot;:false,&quot;pauseOnMouseEnter&quot;:true},&quot;arrows&quot;:true,&quot;dots&quot;:true,&quot;dots_position&quot;:&quot;bottom&quot;,&quot;animation&quot;:&quot;&quot;}\"><div class=\"banner-social-buttons\"><div class=\"links\"><a href=\"#\" class=\"item\" target=_blank\"><i class=\"fab fa-facebook-f\"><\/i><span>Facebook<\/span><\/a><a href=\"#\" class=\"item\" target=_blank\"><i class=\"fab fa-instagram\"><\/i><span>Instagram<\/span><\/a><\/div><\/div><div class=\"banner banner-5d63ae4f0bb6e  arrows-bottom pagination-bottom\" style=\" --transition-speed: 2500ms;\"><div class=\"swiper-container\"><div class=\"swiper-wrapper\"><div class=\"item swiper-slide banner-item-5d63c3a5d9fdc tal with-shadow black\">\n      <div class=\"bg-image\" style=\"background-image: url(https:\/\/luisafuchs-photography.de\/wp-content\/uploads\/2025\/08\/1-1.jpg)\"><\/div>\n      \n      \n      <div class=\"container\">\n        <div class=\"cell bottom\">\n          \n          \n          \n          \n        <\/div>\n      <\/div>\n    <\/div><div class=\"item swiper-slide banner-item-5d70f6e85521c tal with-shadow black\">\n      <div class=\"bg-image\" style=\"background-image: url(https:\/\/luisafuchs-photography.de\/wp-content\/uploads\/2025\/08\/2-1-1.jpg)\"><\/div>\n      \n      \n      <div class=\"container\">\n        <div class=\"cell bottom\">\n          \n          \n          \n          \n        <\/div>\n      <\/div>\n    <\/div><div class=\"item swiper-slide banner-item-5d63c3aa65dcb tal with-shadow white\">\n      <div class=\"bg-image\" style=\"background-image: url(https:\/\/luisafuchs-photography.de\/wp-content\/uploads\/2025\/08\/3-1.jpg)\"><\/div>\n      \n      \n      <div class=\"container\">\n        <div class=\"cell bottom\">\n          \n          \n          \n          \n        <\/div>\n      <\/div>\n    <\/div><div class=\"item swiper-slide banner-item-5d63c3b0f0ab7 tal with-shadow white\">\n      <div class=\"bg-image\" style=\"background-image: url(https:\/\/luisafuchs-photography.de\/wp-content\/uploads\/2025\/08\/4.jpg)\"><\/div>\n      \n      \n      <div class=\"container\">\n        <div class=\"cell bottom\">\n          \n          \n          \n          \n        <\/div>\n      <\/div>\n    <\/div><\/div><\/div><div class=\"owl-nav\"><div class=\"owl-prev basic-ui-icon-left-arrow\"><\/div><div class=\"owl-next basic-ui-icon-right-arrow\"><\/div><\/div><div class=\"banner-circle-nav container\"><\/div><\/div><\/div>[\/vc_column][\/vc_row][vc_row full_width=&#8221;stretch_row&#8221; equal_height=&#8221;yes&#8221; content_placement=&#8221;middle&#8221; css=&#8221;.vc_custom_1624533568573{padding-top: 55px !important;padding-bottom: 95px !important;background-color: #f0f0f0 !important;}&#8221; uniqid=&#8221;5d64ed679b3ba&#8221;][vc_column css_animation=&#8221;fadeInLeft&#8221; width=&#8221;1\/2&#8243; uniqid=&#8221;5d64c90a1a796&#8243;]    <div class=\"side-img side-img-5d64c9de9791b style-square align-left\">\n      <div style=\"background-image: url(https:\/\/luisafuchs-photography.de\/wp-content\/uploads\/2024\/07\/Luisa-Titelseite.jpeg);\"><\/div>\n    <\/div>\n    [\/vc_column][vc_column css_animation=&#8221;fadeInRight&#8221; width=&#8221;1\/2&#8243; uniqid=&#8221;5d64c9001f373&#8243;]      <div class=\"heading-block heading-5d64ce0964b1d tal h-h2 with-line vc_custom_1754506099421\">\n                  <div class=\"sub-h\">\u00dcber mich<\/div>\n                  <h2 class=\"h\">Hi, das bin ich...<\/h2>\n              <\/div>\n    [vc_column_text css=&#8221;.vc_custom_1754505956233{margin-bottom: 31px !important;}&#8221;]Herzlich willkommen in meinem Tageslichtstudio in Bingen am Rhein!<\/p>\n<p>Ich bin Luisa, 30 Jahre alt, und lebe mit meiner Familie in der N\u00e4he \u2013 in der malerischen Stadt Bad Kreuznach.<\/p>\n<p>Seit meiner Jugend bin ich von der Kunst der Fotografie begeistert \u2013 besonders von der Fotografie von Neugeborenen und Familien. Es fasziniert mich immer wieder, wie jedes noch so kleine Detail eines Neugeborenen eine Geschichte erz\u00e4hlt und die Liebe einer Familie sichtbar macht.<\/p>\n<p>Diese kostbaren Momente einzufangen und f\u00fcr die Ewigkeit festzuhalten, erf\u00fcllt mich mit gro\u00dfer Freude und Dankbarkeit. Mein Ziel ist es, authentische, emotionale Bilder zu schaffen, die auch Jahre sp\u00e4ter noch Herzen ber\u00fchren.<\/p>\n<p>Ich freue mich darauf, auch eure besonderen Erinnerungen in Bildern festzuhalten. Meldet euch gerne bei mir \u2013 f\u00fcr weitere Infos oder um einen Termin zu vereinbaren.[\/vc_column_text]      <div class=\"button-container button-5d64d9614c63f left vc_custom_1721680164084\">\n        <a class=\"button-style2\" href=\"https:\/\/luisafuchs-photography.de\/?page_id=753\" target=\"_self\">\n          <span>Kontakt<\/span>\n        <\/a>\n      <\/div>\n    [\/vc_column][\/vc_row][vc_row full_width=&#8221;stretch_row_content_no_spaces&#8221; uniqid=&#8221;5d789937e3c31&#8243;][vc_column]<div class=\"photo-carousel photo-carousel-65c55f41ed731\"><a href=\"https:\/\/www.instagram.com\/lfuchs.photography\/\" class=\"button-style1\" target=\"_blank\"><i class=\"fab fa-instagram\"><\/i><span>Follow me<\/span><\/a><div class=\"carousel\"><div class=\"item\" style=\"background-image: url(https:\/\/luisafuchs-photography.de\/wp-content\/uploads\/2024\/02\/IMG_8868-683x1024.jpg);\"><\/div><div class=\"item\" style=\"background-image: url(https:\/\/luisafuchs-photography.de\/wp-content\/uploads\/2024\/02\/IMG_4657-749x1024.jpg);\"><\/div><div class=\"item\" style=\"background-image: url(https:\/\/luisafuchs-photography.de\/wp-content\/uploads\/2024\/02\/IMG_4431-683x1024.jpg);\"><\/div><div class=\"item\" style=\"background-image: url(https:\/\/luisafuchs-photography.de\/wp-content\/uploads\/2024\/02\/IMG_8892-Kopie-683x1024.jpg);\"><\/div><div class=\"item\" style=\"background-image: url(https:\/\/luisafuchs-photography.de\/wp-content\/uploads\/2024\/02\/IMG_9857-683x1024.jpg);\"><\/div><div class=\"item\" style=\"background-image: url(https:\/\/luisafuchs-photography.de\/wp-content\/uploads\/2024\/02\/IMG_4240-683x1024.jpg);\"><\/div><div class=\"item\" style=\"background-image: url(https:\/\/luisafuchs-photography.de\/wp-content\/uploads\/2024\/02\/IMG_0786-734x1024.jpg);\"><\/div><div class=\"item\" style=\"background-image: url(https:\/\/luisafuchs-photography.de\/wp-content\/uploads\/2024\/02\/IMG_1428-683x1024.jpg);\"><\/div><div class=\"item\" style=\"background-image: url(https:\/\/luisafuchs-photography.de\/wp-content\/uploads\/2024\/02\/IMG_9870-683x1024.jpg);\"><\/div><div class=\"item\" style=\"background-image: url(https:\/\/luisafuchs-photography.de\/wp-content\/uploads\/2024\/02\/IMG_8871-683x1024.jpg);\"><\/div><div class=\"item\" style=\"background-image: url(https:\/\/luisafuchs-photography.de\/wp-content\/uploads\/2024\/02\/IMG_9663-683x1024.jpg);\"><\/div><div class=\"item\" style=\"background-image: url(https:\/\/luisafuchs-photography.de\/wp-content\/uploads\/2024\/02\/IMG_8870-683x1024.jpg);\"><\/div><div class=\"item\" style=\"background-image: url(https:\/\/luisafuchs-photography.de\/wp-content\/uploads\/2024\/02\/IMG_9606-683x1024.jpg);\"><\/div><div class=\"item\" style=\"background-image: url(https:\/\/luisafuchs-photography.de\/wp-content\/uploads\/2024\/02\/IMG_9647-683x1024.jpg);\"><\/div><div class=\"item\" style=\"background-image: url(https:\/\/luisafuchs-photography.de\/wp-content\/uploads\/2024\/02\/IMG_8869-683x1024.jpg);\"><\/div><div class=\"item\" style=\"background-image: url(https:\/\/luisafuchs-photography.de\/wp-content\/uploads\/2024\/02\/IMG_9688-683x1024.jpg);\"><\/div><div class=\"item\" style=\"background-image: url(https:\/\/luisafuchs-photography.de\/wp-content\/uploads\/2024\/02\/IMG_9590-683x1024.jpg);\"><\/div><div class=\"item\" style=\"background-image: url(https:\/\/luisafuchs-photography.de\/wp-content\/uploads\/2024\/02\/IMG_4879-683x1024.jpg);\"><\/div><div class=\"item\" style=\"background-image: url(https:\/\/luisafuchs-photography.de\/wp-content\/uploads\/2024\/02\/IMG_4669-719x1024.jpg);\"><\/div><div class=\"item\" style=\"background-image: url(https:\/\/luisafuchs-photography.de\/wp-content\/uploads\/2024\/02\/IMG_9548-683x1024.jpg);\"><\/div><div class=\"item\" style=\"background-image: url(https:\/\/luisafuchs-photography.de\/wp-content\/uploads\/2024\/02\/IMG_9574-683x1024.jpg);\"><\/div><div class=\"item\" style=\"background-image: url(https:\/\/luisafuchs-photography.de\/wp-content\/uploads\/2024\/02\/IMG_4639-683x1024.jpg);\"><\/div><div class=\"item\" style=\"background-image: url(https:\/\/luisafuchs-photography.de\/wp-content\/uploads\/2024\/02\/IMG_4914-700x1024.jpg);\"><\/div><div class=\"item\" style=\"background-image: url(https:\/\/luisafuchs-photography.de\/wp-content\/uploads\/2024\/02\/IMG_9887-683x1024.jpg);\"><\/div><div class=\"item\" style=\"background-image: url(https:\/\/luisafuchs-photography.de\/wp-content\/uploads\/2024\/02\/IMG_9876-683x1024.jpg);\"><\/div><div class=\"item\" style=\"background-image: url(https:\/\/luisafuchs-photography.de\/wp-content\/uploads\/2024\/02\/IMG_7579.2-710x1024.jpg);\"><\/div><div class=\"item\" style=\"background-image: url(https:\/\/luisafuchs-photography.de\/wp-content\/uploads\/2024\/02\/IMG_1446-683x1024.jpg);\"><\/div><div class=\"item\" style=\"background-image: url(https:\/\/luisafuchs-photography.de\/wp-content\/uploads\/2024\/02\/IMG_7621-683x1024.jpg);\"><\/div><div class=\"item\" style=\"background-image: url(https:\/\/luisafuchs-photography.de\/wp-content\/uploads\/2024\/02\/IMG_1466-683x1024.jpg);\"><\/div><div class=\"item\" style=\"background-image: url(https:\/\/luisafuchs-photography.de\/wp-content\/uploads\/2024\/02\/IMG_8936-Kopie-683x1024.jpg);\"><\/div><div class=\"item\" style=\"background-image: url(https:\/\/luisafuchs-photography.de\/wp-content\/uploads\/2024\/02\/IMG_9840-683x1024.jpg);\"><\/div><div class=\"item\" style=\"background-image: url(https:\/\/luisafuchs-photography.de\/wp-content\/uploads\/2023\/04\/IMG_0505-683x1024.jpg);\"><\/div><div class=\"item\" style=\"background-image: url(https:\/\/luisafuchs-photography.de\/wp-content\/uploads\/2023\/04\/IMG_0235-683x1024.jpg);\"><\/div><div class=\"item\" style=\"background-image: url(https:\/\/luisafuchs-photography.de\/wp-content\/uploads\/2023\/04\/IMG_1026.2-683x1024.jpg);\"><\/div><div class=\"item\" style=\"background-image: url(https:\/\/luisafuchs-photography.de\/wp-content\/uploads\/2023\/04\/IMG_0363-683x1024.jpg);\"><\/div><div class=\"item\" style=\"background-image: url(https:\/\/luisafuchs-photography.de\/wp-content\/uploads\/2023\/04\/IMG_1316-Kopie-683x1024.jpg);\"><\/div><div class=\"item\" style=\"background-image: url(https:\/\/luisafuchs-photography.de\/wp-content\/uploads\/2023\/04\/IMG_0792-683x1024.jpg);\"><\/div><div class=\"item\" style=\"background-image: url(https:\/\/luisafuchs-photography.de\/wp-content\/uploads\/2023\/04\/IMG_0924-683x1024.jpg);\"><\/div><div class=\"item\" style=\"background-image: url(https:\/\/luisafuchs-photography.de\/wp-content\/uploads\/2023\/04\/IMG_1029.2jpg-683x1024.jpg);\"><\/div><div class=\"item\" style=\"background-image: url(https:\/\/luisafuchs-photography.de\/wp-content\/uploads\/2023\/04\/IMG_0896-683x1024.jpg);\"><\/div><div class=\"item\" style=\"background-image: url(https:\/\/luisafuchs-photography.de\/wp-content\/uploads\/2023\/04\/IMG_0776-1-683x1024.jpg);\"><\/div><\/div><\/div>[vc_empty_space][\/vc_column][\/vc_row][vc_row][vc_column][vc_empty_space height=&#8221;80px&#8221;][\/vc_column][\/vc_row][vc_row][vc_column][vc_custom_heading text=&#8221;H\u00e4ufig gestellte Fragen:&#8221; font_container=&#8221;tag:h3|text_align:left&#8221; use_theme_fonts=&#8221;yes&#8221;][vc_empty_space][vc_toggle title=&#8221;Wo findet das Fotoshooting statt?&#8221; style=&#8221;square_outline&#8221; open=&#8221;true&#8221; css=&#8221;&#8221;]Das Newborn-Fotoshooting findet in meinem Studio in Bingen am Rhein statt.<br \/>\nAlle anderen Fotoshootings finden entweder ebenfalls in meinem Studio oder drau\u00dfen an einer ausgew\u00e4hlten Location statt.[\/vc_toggle][vc_toggle title=&#8221;Wann ist der beste Zeitpunkt f\u00fcr ein Newborn Fotoshooting?&#8221; style=&#8221;square_outline&#8221; open=&#8221;true&#8221;]Der beste Zeitpunkt f\u00fcr das Shooting w\u00e4re bis zum 21. Lebenstag.[\/vc_toggle][vc_toggle title=&#8221;Wann soll ich am besten den Termin f\u00fcr Newborn Fotoshooting vereinbaren?&#8221; style=&#8221;square_outline&#8221; open=&#8221;true&#8221; css=&#8221;&#8221;]Am besten meldet ihr euch bereits w\u00e4hrend der Schwangerschaft, um einen Termin grob abzustimmen.<br \/>\nAber auch wenn euer Baby schon geboren ist, k\u00f6nnt ihr mir gerne schreiben \u2013 wir versuchen dann, spontan einen passenden Termin zu finden.[\/vc_toggle][vc_toggle title=&#8221;Was soll ich zum Fotoshooting mitbringen?&#8221; style=&#8221;square_outline&#8221; open=&#8221;true&#8221; css=&#8221;&#8221;]F\u00fcr die Shootings habe ich eine Auswahl an Babykleidung, Decken und Accessoires, die Sie gerne kostenfrei f\u00fcr das Shooting nutzen k\u00f6nnen. Auch f\u00fcr Mamas habe ich wundersch\u00f6ne Kleider, die zur Verf\u00fcgung stehen.<br \/>\nNat\u00fcrlich k\u00f6nnen Sie auch jederzeit eigene Sachen mitbringen.[\/vc_toggle][\/vc_column][\/vc_row]<\/p>\n<\/div>","protected":false},"excerpt":{"rendered":"<p>[vc_row full_width=&#8221;stretch_row_content_no_spaces&#8221;][vc_column][\/vc_column][\/vc_row][vc_row full_width=&#8221;stretch_row&#8221; equal_height=&#8221;yes&#8221; content_placement=&#8221;middle&#8221; css=&#8221;.vc_custom_1624533568573{padding-top: 55px !important;padding-bottom: 95px !important;background-color: #f0f0f0 !important;}&#8221; uniqid=&#8221;5d64ed679b3ba&#8221;][vc_column css_animation=&#8221;fadeInLeft&#8221; width=&#8221;1\/2&#8243; uniqid=&#8221;5d64c90a1a796&#8243;][\/vc_column][vc_column css_animation=&#8221;fadeInRight&#8221; width=&#8221;1\/2&#8243; uniqid=&#8221;5d64c9001f373&#8243;][vc_column_text css=&#8221;.vc_custom_1754505956233{margin-bottom: 31px !important;}&#8221;]Herzlich willkommen in meinem Tageslichtstudio in Bingen am Rhein! Ich bin Luisa, 30 Jahre alt, und lebe mit meiner Familie in der N\u00e4he \u2013 in der malerischen Stadt Bad Kreuznach. Seit meiner Jugend bin [&hellip;]<\/p>\n","protected":false},"author":1,"featured_media":0,"parent":0,"menu_order":0,"comment_status":"closed","ping_status":"closed","template":"template-landing.php","meta":{"_acf_changed":false,"footnotes":""},"class_list":["post-3262","page","type-page","status-publish","hentry"],"acf":[],"yoast_head":"<!-- This site is optimized with the Yoast SEO plugin v25.5 - https:\/\/yoast.com\/wordpress\/plugins\/seo\/ -->\n<title>Startseite - LF Photography<\/title>\n<meta name=\"robots\" content=\"index, follow, max-snippet:-1, max-image-preview:large, max-video-preview:-1\" \/>\n<link rel=\"canonical\" href=\"https:\/\/luisafuchs-photography.de\/\" \/>\n<meta property=\"og:locale\" content=\"de_DE\" \/>\n<meta property=\"og:type\" content=\"article\" \/>\n<meta property=\"og:title\" content=\"Startseite - LF Photography\" \/>\n<meta property=\"og:description\" content=\"[vc_row full_width=&#8221;stretch_row_content_no_spaces&#8221;][vc_column][\/vc_column][\/vc_row][vc_row full_width=&#8221;stretch_row&#8221; equal_height=&#8221;yes&#8221; content_placement=&#8221;middle&#8221; css=&#8221;.vc_custom_1624533568573{padding-top: 55px !important;padding-bottom: 95px !important;background-color: #f0f0f0 !important;}&#8221; uniqid=&#8221;5d64ed679b3ba&#8221;][vc_column css_animation=&#8221;fadeInLeft&#8221; width=&#8221;1\/2&#8243; uniqid=&#8221;5d64c90a1a796&#8243;][\/vc_column][vc_column css_animation=&#8221;fadeInRight&#8221; width=&#8221;1\/2&#8243; uniqid=&#8221;5d64c9001f373&#8243;][vc_column_text css=&#8221;.vc_custom_1754505956233{margin-bottom: 31px !important;}&#8221;]Herzlich willkommen in meinem Tageslichtstudio in Bingen am Rhein! Ich bin Luisa, 30 Jahre alt, und lebe mit meiner Familie in der N\u00e4he \u2013 in der malerischen Stadt Bad Kreuznach. Seit meiner Jugend bin [&hellip;]\" \/>\n<meta property=\"og:url\" content=\"https:\/\/luisafuchs-photography.de\/\" \/>\n<meta property=\"og:site_name\" content=\"LF Photography\" \/>\n<meta property=\"article:modified_time\" content=\"2025-08-06T20:03:57+00:00\" \/>\n<meta name=\"twitter:card\" content=\"summary_large_image\" \/>\n<meta name=\"twitter:label1\" content=\"Gesch\u00e4tzte Lesezeit\" \/>\n\t<meta name=\"twitter:data1\" content=\"4\u00a0Minuten\" \/>\n<script type=\"application\/ld+json\" class=\"yoast-schema-graph\">{\"@context\":\"https:\/\/schema.org\",\"@graph\":[{\"@type\":\"WebPage\",\"@id\":\"https:\/\/luisafuchs-photography.de\/\",\"url\":\"https:\/\/luisafuchs-photography.de\/\",\"name\":\"Startseite - LF Photography\",\"isPartOf\":{\"@id\":\"https:\/\/luisafuchs-photography.de\/#website\"},\"datePublished\":\"2023-04-11T15:51:15+00:00\",\"dateModified\":\"2025-08-06T20:03:57+00:00\",\"breadcrumb\":{\"@id\":\"https:\/\/luisafuchs-photography.de\/#breadcrumb\"},\"inLanguage\":\"de\",\"potentialAction\":[{\"@type\":\"ReadAction\",\"target\":[\"https:\/\/luisafuchs-photography.de\/\"]}]},{\"@type\":\"BreadcrumbList\",\"@id\":\"https:\/\/luisafuchs-photography.de\/#breadcrumb\",\"itemListElement\":[{\"@type\":\"ListItem\",\"position\":1,\"name\":\"Startseite\",\"item\":\"https:\/\/luisafuchs-photography.de\/\"},{\"@type\":\"ListItem\",\"position\":2,\"name\":\"Startseite\"}]},{\"@type\":\"WebSite\",\"@id\":\"https:\/\/luisafuchs-photography.de\/#website\",\"url\":\"https:\/\/luisafuchs-photography.de\/\",\"name\":\"LF Photography\",\"description\":\"\",\"publisher\":{\"@id\":\"https:\/\/luisafuchs-photography.de\/#organization\"},\"potentialAction\":[{\"@type\":\"SearchAction\",\"target\":{\"@type\":\"EntryPoint\",\"urlTemplate\":\"https:\/\/luisafuchs-photography.de\/?s={search_term_string}\"},\"query-input\":{\"@type\":\"PropertyValueSpecification\",\"valueRequired\":true,\"valueName\":\"search_term_string\"}}],\"inLanguage\":\"de\"},{\"@type\":\"Organization\",\"@id\":\"https:\/\/luisafuchs-photography.de\/#organization\",\"name\":\"LF Photography\",\"url\":\"https:\/\/luisafuchs-photography.de\/\",\"logo\":{\"@type\":\"ImageObject\",\"inLanguage\":\"de\",\"@id\":\"https:\/\/luisafuchs-photography.de\/#\/schema\/logo\/image\/\",\"url\":\"https:\/\/luisafuchs-photography.de\/wp-content\/uploads\/2024\/07\/Black-and-White-Photographer-Logo-Design-333.png\",\"contentUrl\":\"https:\/\/luisafuchs-photography.de\/wp-content\/uploads\/2024\/07\/Black-and-White-Photographer-Logo-Design-333.png\",\"width\":261,\"height\":109,\"caption\":\"LF Photography\"},\"image\":{\"@id\":\"https:\/\/luisafuchs-photography.de\/#\/schema\/logo\/image\/\"},\"sameAs\":[\"https:\/\/www.instagram.com\/lfuchs.photography\/\"]}]}<\/script>\n<!-- \/ Yoast SEO plugin. -->","yoast_head_json":{"title":"Startseite - LF Photography","robots":{"index":"index","follow":"follow","max-snippet":"max-snippet:-1","max-image-preview":"max-image-preview:large","max-video-preview":"max-video-preview:-1"},"canonical":"https:\/\/luisafuchs-photography.de\/","og_locale":"de_DE","og_type":"article","og_title":"Startseite - LF Photography","og_description":"[vc_row full_width=&#8221;stretch_row_content_no_spaces&#8221;][vc_column][\/vc_column][\/vc_row][vc_row full_width=&#8221;stretch_row&#8221; equal_height=&#8221;yes&#8221; content_placement=&#8221;middle&#8221; css=&#8221;.vc_custom_1624533568573{padding-top: 55px !important;padding-bottom: 95px !important;background-color: #f0f0f0 !important;}&#8221; uniqid=&#8221;5d64ed679b3ba&#8221;][vc_column css_animation=&#8221;fadeInLeft&#8221; width=&#8221;1\/2&#8243; uniqid=&#8221;5d64c90a1a796&#8243;][\/vc_column][vc_column css_animation=&#8221;fadeInRight&#8221; width=&#8221;1\/2&#8243; uniqid=&#8221;5d64c9001f373&#8243;][vc_column_text css=&#8221;.vc_custom_1754505956233{margin-bottom: 31px !important;}&#8221;]Herzlich willkommen in meinem Tageslichtstudio in Bingen am Rhein! Ich bin Luisa, 30 Jahre alt, und lebe mit meiner Familie in der N\u00e4he \u2013 in der malerischen Stadt Bad Kreuznach. Seit meiner Jugend bin [&hellip;]","og_url":"https:\/\/luisafuchs-photography.de\/","og_site_name":"LF Photography","article_modified_time":"2025-08-06T20:03:57+00:00","twitter_card":"summary_large_image","twitter_misc":{"Gesch\u00e4tzte Lesezeit":"4\u00a0Minuten"},"schema":{"@context":"https:\/\/schema.org","@graph":[{"@type":"WebPage","@id":"https:\/\/luisafuchs-photography.de\/","url":"https:\/\/luisafuchs-photography.de\/","name":"Startseite - LF Photography","isPartOf":{"@id":"https:\/\/luisafuchs-photography.de\/#website"},"datePublished":"2023-04-11T15:51:15+00:00","dateModified":"2025-08-06T20:03:57+00:00","breadcrumb":{"@id":"https:\/\/luisafuchs-photography.de\/#breadcrumb"},"inLanguage":"de","potentialAction":[{"@type":"ReadAction","target":["https:\/\/luisafuchs-photography.de\/"]}]},{"@type":"BreadcrumbList","@id":"https:\/\/luisafuchs-photography.de\/#breadcrumb","itemListElement":[{"@type":"ListItem","position":1,"name":"Startseite","item":"https:\/\/luisafuchs-photography.de\/"},{"@type":"ListItem","position":2,"name":"Startseite"}]},{"@type":"WebSite","@id":"https:\/\/luisafuchs-photography.de\/#website","url":"https:\/\/luisafuchs-photography.de\/","name":"LF Photography","description":"","publisher":{"@id":"https:\/\/luisafuchs-photography.de\/#organization"},"potentialAction":[{"@type":"SearchAction","target":{"@type":"EntryPoint","urlTemplate":"https:\/\/luisafuchs-photography.de\/?s={search_term_string}"},"query-input":{"@type":"PropertyValueSpecification","valueRequired":true,"valueName":"search_term_string"}}],"inLanguage":"de"},{"@type":"Organization","@id":"https:\/\/luisafuchs-photography.de\/#organization","name":"LF Photography","url":"https:\/\/luisafuchs-photography.de\/","logo":{"@type":"ImageObject","inLanguage":"de","@id":"https:\/\/luisafuchs-photography.de\/#\/schema\/logo\/image\/","url":"https:\/\/luisafuchs-photography.de\/wp-content\/uploads\/2024\/07\/Black-and-White-Photographer-Logo-Design-333.png","contentUrl":"https:\/\/luisafuchs-photography.de\/wp-content\/uploads\/2024\/07\/Black-and-White-Photographer-Logo-Design-333.png","width":261,"height":109,"caption":"LF Photography"},"image":{"@id":"https:\/\/luisafuchs-photography.de\/#\/schema\/logo\/image\/"},"sameAs":["https:\/\/www.instagram.com\/lfuchs.photography\/"]}]}},"_links":{"self":[{"href":"https:\/\/luisafuchs-photography.de\/index.php?rest_route=\/wp\/v2\/pages\/3262","targetHints":{"allow":["GET"]}}],"collection":[{"href":"https:\/\/luisafuchs-photography.de\/index.php?rest_route=\/wp\/v2\/pages"}],"about":[{"href":"https:\/\/luisafuchs-photography.de\/index.php?rest_route=\/wp\/v2\/types\/page"}],"author":[{"embeddable":true,"href":"https:\/\/luisafuchs-photography.de\/index.php?rest_route=\/wp\/v2\/users\/1"}],"replies":[{"embeddable":true,"href":"https:\/\/luisafuchs-photography.de\/index.php?rest_route=%2Fwp%2Fv2%2Fcomments&post=3262"}],"version-history":[{"count":65,"href":"https:\/\/luisafuchs-photography.de\/index.php?rest_route=\/wp\/v2\/pages\/3262\/revisions"}],"predecessor-version":[{"id":3740,"href":"https:\/\/luisafuchs-photography.de\/index.php?rest_route=\/wp\/v2\/pages\/3262\/revisions\/3740"}],"wp:attachment":[{"href":"https:\/\/luisafuchs-photography.de\/index.php?rest_route=%2Fwp%2Fv2%2Fmedia&parent=3262"}],"curies":[{"name":"wp","href":"https:\/\/api.w.org\/{rel}","templated":true}]}}